{"id":5930,"date":"2025-10-21T15:22:32","date_gmt":"2025-10-21T13:22:32","guid":{"rendered":"https:\/\/idsplus.sk\/home\/more-about-ids-plus\/organizer-ids-plus\/"},"modified":"2026-03-17T11:41:51","modified_gmt":"2026-03-17T10:41:51","slug":"organizer-ids-plus","status":"publish","type":"page","link":"https:\/\/idsplus.sk\/en\/home\/more-about-ids-plus\/organizer-ids-plus\/","title":{"rendered":"Organizer IDS PLUS"},"content":{"rendered":"\n<h2 class=\"wp-block-heading is-style-title-bullet-blue\"><strong>Basic information<\/strong><\/h2>\n\n<p>The organizer of the integrated system IDS PLUS is the company Integrovan\u00e1 doprava \u017dilina a Tren\u010d\u00edn Region s.r.o., whose mission is to maintain and increase the number of passengers in public transport. Creating high-quality integrated transport is an effective means of reducing individual car transport. <\/p>\n\n<h2 class=\"wp-block-heading is-style-title-bullet-red\"><strong>Carrier connection<\/strong><\/h2>\n\n<p>Within the region, it is a systemic connection between the lines and connections of individual carriers: rail transport, suburban bus transport and urban mass transport systems of the regional capital and other urban agglomerations. An integrated transport system must be built primarily for the passenger. <\/p>\n\n<h2 class=\"wp-block-heading is-style-title-bullet-green\"><strong>Increasing security<\/strong><\/h2>\n\n<p>The priority objective is to reduce the share of passenger cars in the total volume of transport, which mainly means: increasing safety, increasing the overall well-being of residents, reducing air pollution by exhalations, reducing noise, reducing the occupation of public space, and reducing the costs of building infrastructure for cars.<\/p>\n\n<h2 class=\"wp-block-heading is-style-title-bullet-yellow\"><strong>Who is behind IDS PLUS? <\/strong><\/h2>\n\n<p>Integrated Transport of the \u017dilina and Tren\u010dianskeho kraj, s.r.o. is a limited liability company with its registered office at Pri Raj\u010dianke 2900\/43, 010 01 \u017dilina, with the purpose of operating an integrated transport system in the public interest in the territory of the \u017dilina and Tren\u010dianskeho self-governing regions and in the territory of adjacent regions of interest. The company Integrated Transport of the \u017dilina and Tren\u010dianskeho kraj was registered in the Commercial Register on 15.9.2017, and the company became a VAT payer from 1.12.2017.  <\/p>\n\n<div class=\"wp-block-columns is-layout-flex wp-container-core-columns-is-layout-9d6595d7 wp-block-columns-is-layout-flex\">\n<div class=\"wp-block-column farebny-blok is-layout-flow wp-block-column-is-layout-flow\">\n<h3 class=\"wp-block-heading\">Our goal<\/h3>\n\n\n\n<p>The creation of high-quality public passenger transport in the \u017dilina and Tren\u010d\u00edn regions is a prerequisite for a sustainable urban mobility network.<\/p>\n\n\n\n<p>The most important goal is considered to be maintaining the existing number of passengers in public passenger transport and, if necessary, achieving its increase, by creating a quality offer that fully satisfies the needs of passengers. A functioning, attractive and, above all, used public passenger transport is the basic pillar of a developed and functioning territory. <\/p>\n\n\n\n<p>Sustainable regional and urban mobility with a higher share of public passenger transport will increase interest in business investments and tourism and is significantly more environmentally friendly. The tool for sustainable development of territorial services is the continuous development of public transport systems. <\/p>\n<\/div>\n<\/div>\n\n<div class=\"wp-block-group mt-8 is-vertical is-content-justification-center is-nowrap is-layout-flex wp-container-core-group-is-layout-73832be3 wp-block-group-is-layout-flex\">\n<div class=\"wp-block-columns tw-section-small is-layout-flex wp-container-core-columns-is-layout-9d6595d7 wp-block-columns-is-layout-flex\">\n<div class=\"wp-block-column is-layout-flow wp-block-column-is-layout-flow\">\n<div class=\"wp-block-custom-ids-rozcestnik flex flex-col w-full\"><a class=\"no-underline px-4 lg:px-0 flex flex-col\" href=\"https:\/\/idsplus.sk\/en\/home\/more-about-ids-plus\/organizer-ids-plus\/contracts-orders-invoices\/\"><div class=\"tw-box-with-icon flex items-center\"><img decoding=\"async\" src=\"https:\/\/idsplus.sk\/wp-content\/uploads\/2025\/11\/zmluvy_objednavky_faktury_ico.svg\" class=\"w-12 h-12 mr-4 my-0 shrink-0\" alt=\"\"><p class=\"relative w-full text-start font-bold text-lg m-0\">Contracts, orders, invoices<\/p><\/div><\/a><div class=\"flex flex-col py-4\"><div class=\"bg-gray-light-ids h-1 w-full self-center\"><\/div><\/div><\/div>\n\n\n\n<div class=\"wp-block-custom-ids-rozcestnik flex flex-col w-full\"><a class=\"no-underline px-4 lg:px-0 flex flex-col\" href=\"https:\/\/idsplus.sk\/en\/home\/more-about-ids-plus\/organizer-ids-plus\/providing-information-under-the-freedom-of-information-act\/\"><div class=\"tw-box-with-icon flex items-center\"><img decoding=\"async\" src=\"https:\/\/idsplus.sk\/wp-content\/uploads\/2025\/11\/poskytovanie_informacii_ico.svg\" class=\"w-12 h-12 mr-4 my-0 shrink-0\" alt=\"\"><p class=\"relative w-full text-start font-bold text-lg m-0\">Providing information under the Freedom of Information Act<\/p><\/div><\/a><div class=\"flex flex-col py-4\"><div class=\"bg-gray-light-ids h-1 w-full self-center\"><\/div><\/div><\/div>\n\n\n\n<div class=\"wp-block-custom-ids-rozcestnik flex flex-col w-full\"><a class=\"no-underline px-4 lg:px-0 flex flex-col\" href=\"https:\/\/idsplus.sk\/en\/home\/more-about-ids-plus\/organizer-ids-plus\/personal-data-protection\/\"><div class=\"tw-box-with-icon flex items-center\"><img decoding=\"async\" src=\"https:\/\/idsplus.sk\/wp-content\/uploads\/2025\/11\/ochrana_osobnych_udajov_ico.svg\" class=\"w-12 h-12 mr-4 my-0 shrink-0\" alt=\"\"><p class=\"relative w-full text-start font-bold text-lg m-0\">Personal data protection<\/p><\/div><\/a><div class=\"flex flex-col py-4\"><div class=\"bg-gray-light-ids h-1 w-full self-center\"><\/div><\/div><\/div>\n\n\n\n<div class=\"wp-block-custom-ids-rozcestnik flex flex-col w-full\"><a class=\"no-underline px-4 lg:px-0 flex flex-col\" href=\"https:\/\/idsplus.sk\/en\/home\/more-about-ids-plus\/organizer-ids-plus\/public-procurement\/\"><div class=\"tw-box-with-icon flex items-center\"><img decoding=\"async\" src=\"https:\/\/idsplus.sk\/wp-content\/uploads\/2025\/11\/verejne_obstaravanie_ico.svg\" class=\"w-12 h-12 mr-4 my-0 shrink-0\" alt=\"\"><p class=\"relative w-full text-start font-bold text-lg m-0\">Public procurement<\/p><\/div><\/a><div class=\"flex flex-col py-4\"><div class=\"bg-gray-light-ids h-1 w-full self-center\"><\/div><\/div><\/div>\n\n\n\n<div class=\"wp-block-custom-ids-rozcestnik flex flex-col w-full\"><a class=\"no-underline px-4 lg:px-0 flex flex-col\" href=\"https:\/\/idsplus.sk\/en\/home\/more-about-ids-plus\/organizer-ids-plus\/minutes-of-the-general-meeting\/\"><div class=\"tw-box-with-icon flex items-center\"><img decoding=\"async\" src=\"https:\/\/idsplus.sk\/wp-content\/uploads\/2025\/11\/zapisnice_z_valneho_zhromazdenia_ico.svg\" class=\"w-12 h-12 mr-4 my-0 shrink-0\" alt=\"\"><p class=\"relative w-full text-start font-bold text-lg m-0\">Minutes of the general meeting<\/p><\/div><\/a><div class=\"flex flex-col py-4\"><div class=\"bg-gray-light-ids h-1 w-full self-center\"><\/div><\/div><\/div>\n\n\n\n<div class=\"wp-block-custom-ids-rozcestnik flex flex-col w-full\"><a class=\"no-underline px-4 lg:px-0 flex flex-col\" href=\"https:\/\/idsplus.sk\/en\/home\/more-about-ids-plus\/organizer-ids-plus\/further-information\/\"><div class=\"tw-box-with-icon flex items-center\"><img decoding=\"async\" src=\"https:\/\/idsplus.sk\/wp-content\/uploads\/2025\/11\/dalsie_informacie_ico.svg\" class=\"w-12 h-12 mr-4 my-0 shrink-0\" alt=\"\"><p class=\"relative w-full text-start font-bold text-lg m-0\">Further information<\/p><\/div><\/a><div class=\"flex flex-col py-4\"><div class=\"bg-gray-light-ids h-1 w-full self-center\"><\/div><\/div><\/div>\n\n\n\n<div class=\"wp-block-custom-ids-rozcestnik flex flex-col w-full\"><a class=\"no-underline px-4 lg:px-0 flex flex-col\" href=\"https:\/\/idsplus.sk\/en\/home\/more-about-ids-plus\/organizer-ids-plus\/zsk-transport-service-plan\/\"><div class=\"tw-box-with-icon flex items-center\"><img decoding=\"async\" src=\"https:\/\/idsplus.sk\/wp-content\/uploads\/2025\/11\/plan_dopravnej_obsluznosti_ico.svg\" class=\"w-12 h-12 mr-4 my-0 shrink-0\" alt=\"\"><p class=\"relative w-full text-start font-bold text-lg m-0\">\u017dSK transport service plan<\/p><\/div><\/a><div class=\"flex flex-col py-4\"><div class=\"bg-gray-light-ids h-1 w-full self-center\"><\/div><\/div><\/div>\n\n\n\n<div class=\"wp-block-custom-ids-rozcestnik flex flex-col w-full\"><a class=\"no-underline px-4 lg:px-0 flex flex-col\" href=\"https:\/\/idsplus.sk\/en\/home\/more-about-ids-plus\/organizer-ids-plus\/eu-projects\/\"><div class=\"tw-box-with-icon flex items-center\"><img decoding=\"async\" src=\"https:\/\/idsplus.sk\/wp-content\/uploads\/2025\/11\/projekty_ico.svg\" class=\"w-12 h-12 mr-4 my-0 shrink-0\" alt=\"\"><p class=\"relative w-full text-start font-bold text-lg m-0\">EU projects<\/p><\/div><\/a><div class=\"flex flex-col py-4\"><div class=\"bg-gray-light-ids h-1 w-full self-center\"><\/div><\/div><\/div>\n\n\n\n<div class=\"wp-block-custom-ids-rozcestnik flex flex-col w-full\"><a class=\"no-underline px-4 lg:px-0 flex flex-col\" href=\"https:\/\/idsplus.sk\/en\/home\/more-about-ids-plus\/organizer-ids-plus\/advertising-on-buses\/\"><div class=\"tw-box-with-icon flex items-center\"><img decoding=\"async\" src=\"https:\/\/idsplus.sk\/wp-content\/uploads\/2025\/11\/na_autobusoch_ico.svg\" class=\"w-12 h-12 mr-4 my-0 shrink-0\" alt=\"\"><p class=\"relative w-full text-start font-bold text-lg m-0\">Advertising on buses<\/p><\/div><\/a><div class=\"flex flex-col py-4\"><div class=\"bg-gray-light-ids h-1 w-full self-center\"><\/div><\/div><\/div>\n\n\n\n<div class=\"wp-block-custom-ids-rozcestnik flex flex-col w-full\"><a class=\"no-underline px-4 lg:px-0 flex flex-col\" href=\"https:\/\/idsplus.sk\/en\/home\/more-about-ids-plus\/organizer-ids-plus\/job-vacancies\/\"><div class=\"tw-box-with-icon flex items-center\"><img decoding=\"async\" src=\"https:\/\/idsplus.sk\/wp-content\/uploads\/2025\/11\/volne_pracovne_miesta_ico.svg\" class=\"w-12 h-12 mr-4 my-0 shrink-0\" alt=\"\"><p class=\"relative w-full text-start font-bold text-lg m-0\">Job vacancies<\/p><\/div><\/a><div class=\"flex flex-col py-4\"><div class=\"bg-gray-light-ids h-1 w-full self-center\"><\/div><\/div><\/div>\n<\/div>\n<\/div>\n<\/div>\n\n<p><\/p>\n","protected":false},"excerpt":{"rendered":"<p>Basic information The organizer of the integrated system IDS PLUS is the company Integrovan\u00e1 doprava \u017dilina a Tren\u010d\u00edn Region s.r.o., whose mission is to maintain and increase the number of passengers in public transport. Creating high-quality integrated transport is an effective means of reducing individual car transport. Carrier connection Within the region, it is a [&hellip;]<\/p>\n","protected":false},"author":1,"featured_media":5927,"parent":5723,"menu_order":0,"comment_status":"closed","ping_status":"closed","template":"","meta":{"_acf_changed":false,"footnotes":""},"class_list":["post-5930","page","type-page","status-publish","has-post-thumbnail","hentry"],"acf":[],"yoast_head":"<!-- This site is optimized with the Yoast SEO plugin v26.6 - https:\/\/yoast.com\/wordpress\/plugins\/seo\/ -->\n<title>Organizer IDS PLUS - IDS PLUS<\/title>\n<meta name=\"description\" content=\"Organiz\u00e1torom integrovan\u00e9ho syst\u00e9mu IDS PLUS je spolo\u010dnos\u0165 Integrovan\u00e1 doprava \u017dilinsk\u00e9ho a Tren\u010dianskeho kraja s.r.o., ktorej poslan\u00edm je udr\u017eiavanie a zvy\u0161ovanie po\u010dtu cestuj\u00facich vo verejnej hromadnej doprave.\" \/>\n<meta name=\"robots\" content=\"index, follow, max-snippet:-1, max-image-preview:large, max-video-preview:-1\" \/>\n<link rel=\"canonical\" href=\"https:\/\/idsplus.sk\/en\/home\/more-about-ids-plus\/organizer-ids-plus\/\" \/>\n<meta property=\"og:locale\" content=\"en_US\" \/>\n<meta property=\"og:type\" content=\"article\" \/>\n<meta property=\"og:title\" content=\"Organizer IDS PLUS - IDS PLUS\" \/>\n<meta property=\"og:description\" content=\"Organiz\u00e1torom integrovan\u00e9ho syst\u00e9mu IDS PLUS je spolo\u010dnos\u0165 Integrovan\u00e1 doprava \u017dilinsk\u00e9ho a Tren\u010dianskeho kraja s.r.o., ktorej poslan\u00edm je udr\u017eiavanie a zvy\u0161ovanie po\u010dtu cestuj\u00facich vo verejnej hromadnej doprave.\" \/>\n<meta property=\"og:url\" content=\"https:\/\/idsplus.sk\/en\/home\/more-about-ids-plus\/organizer-ids-plus\/\" \/>\n<meta property=\"og:site_name\" content=\"IDS PLUS\" \/>\n<meta property=\"article:modified_time\" content=\"2026-03-17T10:41:51+00:00\" \/>\n<meta property=\"og:image\" content=\"https:\/\/idsplus.sk\/wp-content\/uploads\/2025\/12\/organizator-ids-plus-1.jpg\" \/>\n\t<meta property=\"og:image:width\" content=\"2000\" \/>\n\t<meta property=\"og:image:height\" content=\"1333\" \/>\n\t<meta property=\"og:image:type\" content=\"image\/jpeg\" \/>\n<meta name=\"twitter:card\" content=\"summary_large_image\" \/>\n<meta name=\"twitter:label1\" content=\"Est. reading time\" \/>\n\t<meta name=\"twitter:data1\" content=\"2 minutes\" \/>\n<script type=\"application\/ld+json\" class=\"yoast-schema-graph\">{\"@context\":\"https:\/\/schema.org\",\"@graph\":[{\"@type\":\"WebPage\",\"@id\":\"https:\/\/idsplus.sk\/en\/home\/more-about-ids-plus\/organizer-ids-plus\/\",\"url\":\"https:\/\/idsplus.sk\/en\/home\/more-about-ids-plus\/organizer-ids-plus\/\",\"name\":\"Organizer IDS PLUS - IDS PLUS\",\"isPartOf\":{\"@id\":\"https:\/\/idsplus.sk\/en\/#website\"},\"primaryImageOfPage\":{\"@id\":\"https:\/\/idsplus.sk\/en\/home\/more-about-ids-plus\/organizer-ids-plus\/#primaryimage\"},\"image\":{\"@id\":\"https:\/\/idsplus.sk\/en\/home\/more-about-ids-plus\/organizer-ids-plus\/#primaryimage\"},\"thumbnailUrl\":\"https:\/\/idsplus.sk\/wp-content\/uploads\/2025\/12\/organizator-ids-plus-1.jpg\",\"datePublished\":\"2025-10-21T13:22:32+00:00\",\"dateModified\":\"2026-03-17T10:41:51+00:00\",\"description\":\"Organiz\u00e1torom integrovan\u00e9ho syst\u00e9mu IDS PLUS je spolo\u010dnos\u0165 Integrovan\u00e1 doprava \u017dilinsk\u00e9ho a Tren\u010dianskeho kraja s.r.o., ktorej poslan\u00edm je udr\u017eiavanie a zvy\u0161ovanie po\u010dtu cestuj\u00facich vo verejnej hromadnej doprave.\",\"breadcrumb\":{\"@id\":\"https:\/\/idsplus.sk\/en\/home\/more-about-ids-plus\/organizer-ids-plus\/#breadcrumb\"},\"inLanguage\":\"en-US\",\"potentialAction\":[{\"@type\":\"ReadAction\",\"target\":[\"https:\/\/idsplus.sk\/en\/home\/more-about-ids-plus\/organizer-ids-plus\/\"]}]},{\"@type\":\"ImageObject\",\"inLanguage\":\"en-US\",\"@id\":\"https:\/\/idsplus.sk\/en\/home\/more-about-ids-plus\/organizer-ids-plus\/#primaryimage\",\"url\":\"https:\/\/idsplus.sk\/wp-content\/uploads\/2025\/12\/organizator-ids-plus-1.jpg\",\"contentUrl\":\"https:\/\/idsplus.sk\/wp-content\/uploads\/2025\/12\/organizator-ids-plus-1.jpg\",\"width\":2000,\"height\":1333,\"caption\":\"Happy man riding in city bus. Copy space.\"},{\"@type\":\"BreadcrumbList\",\"@id\":\"https:\/\/idsplus.sk\/en\/home\/more-about-ids-plus\/organizer-ids-plus\/#breadcrumb\",\"itemListElement\":[{\"@type\":\"ListItem\",\"position\":1,\"name\":\"Domovsk\u00e1 str\u00e1nka\",\"item\":\"https:\/\/idsplus.sk\/en\/home\/\"},{\"@type\":\"ListItem\",\"position\":2,\"name\":\"Home\",\"item\":\"https:\/\/idsplus.sk\/en\/home\/\"},{\"@type\":\"ListItem\",\"position\":3,\"name\":\"More about IDS PLUS\",\"item\":\"https:\/\/idsplus.sk\/en\/home\/more-about-ids-plus\/\"},{\"@type\":\"ListItem\",\"position\":4,\"name\":\"Organizer IDS PLUS\"}]},{\"@type\":\"WebSite\",\"@id\":\"https:\/\/idsplus.sk\/en\/#website\",\"url\":\"https:\/\/idsplus.sk\/en\/\",\"name\":\"idsplus\",\"description\":\"\",\"publisher\":{\"@id\":\"https:\/\/idsplus.sk\/en\/#organization\"},\"potentialAction\":[{\"@type\":\"SearchAction\",\"target\":{\"@type\":\"EntryPoint\",\"urlTemplate\":\"https:\/\/idsplus.sk\/en\/?s={search_term_string}\"},\"query-input\":{\"@type\":\"PropertyValueSpecification\",\"valueRequired\":true,\"valueName\":\"search_term_string\"}}],\"inLanguage\":\"en-US\"},{\"@type\":\"Organization\",\"@id\":\"https:\/\/idsplus.sk\/en\/#organization\",\"name\":\"idsplus\",\"url\":\"https:\/\/idsplus.sk\/en\/\",\"logo\":{\"@type\":\"ImageObject\",\"inLanguage\":\"en-US\",\"@id\":\"https:\/\/idsplus.sk\/en\/#\/schema\/logo\/image\/\",\"url\":\"https:\/\/idsplus.sk\/wp-content\/uploads\/2025\/11\/logo_idsplus.svg\",\"contentUrl\":\"https:\/\/idsplus.sk\/wp-content\/uploads\/2025\/11\/logo_idsplus.svg\",\"width\":117,\"height\":36,\"caption\":\"idsplus\"},\"image\":{\"@id\":\"https:\/\/idsplus.sk\/en\/#\/schema\/logo\/image\/\"}}]}<\/script>\n<!-- \/ Yoast SEO plugin. -->","yoast_head_json":{"title":"Organizer IDS PLUS - IDS PLUS","description":"Organiz\u00e1torom integrovan\u00e9ho syst\u00e9mu IDS PLUS je spolo\u010dnos\u0165 Integrovan\u00e1 doprava \u017dilinsk\u00e9ho a Tren\u010dianskeho kraja s.r.o., ktorej poslan\u00edm je udr\u017eiavanie a zvy\u0161ovanie po\u010dtu cestuj\u00facich vo verejnej hromadnej doprave.","robots":{"index":"index","follow":"follow","max-snippet":"max-snippet:-1","max-image-preview":"max-image-preview:large","max-video-preview":"max-video-preview:-1"},"canonical":"https:\/\/idsplus.sk\/en\/home\/more-about-ids-plus\/organizer-ids-plus\/","og_locale":"en_US","og_type":"article","og_title":"Organizer IDS PLUS - IDS PLUS","og_description":"Organiz\u00e1torom integrovan\u00e9ho syst\u00e9mu IDS PLUS je spolo\u010dnos\u0165 Integrovan\u00e1 doprava \u017dilinsk\u00e9ho a Tren\u010dianskeho kraja s.r.o., ktorej poslan\u00edm je udr\u017eiavanie a zvy\u0161ovanie po\u010dtu cestuj\u00facich vo verejnej hromadnej doprave.","og_url":"https:\/\/idsplus.sk\/en\/home\/more-about-ids-plus\/organizer-ids-plus\/","og_site_name":"IDS PLUS","article_modified_time":"2026-03-17T10:41:51+00:00","og_image":[{"width":2000,"height":1333,"url":"https:\/\/idsplus.sk\/wp-content\/uploads\/2025\/12\/organizator-ids-plus-1.jpg","type":"image\/jpeg"}],"twitter_card":"summary_large_image","twitter_misc":{"Est. reading time":"2 minutes"},"schema":{"@context":"https:\/\/schema.org","@graph":[{"@type":"WebPage","@id":"https:\/\/idsplus.sk\/en\/home\/more-about-ids-plus\/organizer-ids-plus\/","url":"https:\/\/idsplus.sk\/en\/home\/more-about-ids-plus\/organizer-ids-plus\/","name":"Organizer IDS PLUS - IDS PLUS","isPartOf":{"@id":"https:\/\/idsplus.sk\/en\/#website"},"primaryImageOfPage":{"@id":"https:\/\/idsplus.sk\/en\/home\/more-about-ids-plus\/organizer-ids-plus\/#primaryimage"},"image":{"@id":"https:\/\/idsplus.sk\/en\/home\/more-about-ids-plus\/organizer-ids-plus\/#primaryimage"},"thumbnailUrl":"https:\/\/idsplus.sk\/wp-content\/uploads\/2025\/12\/organizator-ids-plus-1.jpg","datePublished":"2025-10-21T13:22:32+00:00","dateModified":"2026-03-17T10:41:51+00:00","description":"Organiz\u00e1torom integrovan\u00e9ho syst\u00e9mu IDS PLUS je spolo\u010dnos\u0165 Integrovan\u00e1 doprava \u017dilinsk\u00e9ho a Tren\u010dianskeho kraja s.r.o., ktorej poslan\u00edm je udr\u017eiavanie a zvy\u0161ovanie po\u010dtu cestuj\u00facich vo verejnej hromadnej doprave.","breadcrumb":{"@id":"https:\/\/idsplus.sk\/en\/home\/more-about-ids-plus\/organizer-ids-plus\/#breadcrumb"},"inLanguage":"en-US","potentialAction":[{"@type":"ReadAction","target":["https:\/\/idsplus.sk\/en\/home\/more-about-ids-plus\/organizer-ids-plus\/"]}]},{"@type":"ImageObject","inLanguage":"en-US","@id":"https:\/\/idsplus.sk\/en\/home\/more-about-ids-plus\/organizer-ids-plus\/#primaryimage","url":"https:\/\/idsplus.sk\/wp-content\/uploads\/2025\/12\/organizator-ids-plus-1.jpg","contentUrl":"https:\/\/idsplus.sk\/wp-content\/uploads\/2025\/12\/organizator-ids-plus-1.jpg","width":2000,"height":1333,"caption":"Happy man riding in city bus. Copy space."},{"@type":"BreadcrumbList","@id":"https:\/\/idsplus.sk\/en\/home\/more-about-ids-plus\/organizer-ids-plus\/#breadcrumb","itemListElement":[{"@type":"ListItem","position":1,"name":"Domovsk\u00e1 str\u00e1nka","item":"https:\/\/idsplus.sk\/en\/home\/"},{"@type":"ListItem","position":2,"name":"Home","item":"https:\/\/idsplus.sk\/en\/home\/"},{"@type":"ListItem","position":3,"name":"More about IDS PLUS","item":"https:\/\/idsplus.sk\/en\/home\/more-about-ids-plus\/"},{"@type":"ListItem","position":4,"name":"Organizer IDS PLUS"}]},{"@type":"WebSite","@id":"https:\/\/idsplus.sk\/en\/#website","url":"https:\/\/idsplus.sk\/en\/","name":"idsplus","description":"","publisher":{"@id":"https:\/\/idsplus.sk\/en\/#organization"},"potentialAction":[{"@type":"SearchAction","target":{"@type":"EntryPoint","urlTemplate":"https:\/\/idsplus.sk\/en\/?s={search_term_string}"},"query-input":{"@type":"PropertyValueSpecification","valueRequired":true,"valueName":"search_term_string"}}],"inLanguage":"en-US"},{"@type":"Organization","@id":"https:\/\/idsplus.sk\/en\/#organization","name":"idsplus","url":"https:\/\/idsplus.sk\/en\/","logo":{"@type":"ImageObject","inLanguage":"en-US","@id":"https:\/\/idsplus.sk\/en\/#\/schema\/logo\/image\/","url":"https:\/\/idsplus.sk\/wp-content\/uploads\/2025\/11\/logo_idsplus.svg","contentUrl":"https:\/\/idsplus.sk\/wp-content\/uploads\/2025\/11\/logo_idsplus.svg","width":117,"height":36,"caption":"idsplus"},"image":{"@id":"https:\/\/idsplus.sk\/en\/#\/schema\/logo\/image\/"}}]}},"_links":{"self":[{"href":"https:\/\/idsplus.sk\/en\/wp-json\/wp\/v2\/pages\/5930","targetHints":{"allow":["GET"]}}],"collection":[{"href":"https:\/\/idsplus.sk\/en\/wp-json\/wp\/v2\/pages"}],"about":[{"href":"https:\/\/idsplus.sk\/en\/wp-json\/wp\/v2\/types\/page"}],"author":[{"embeddable":true,"href":"https:\/\/idsplus.sk\/en\/wp-json\/wp\/v2\/users\/1"}],"replies":[{"embeddable":true,"href":"https:\/\/idsplus.sk\/en\/wp-json\/wp\/v2\/comments?post=5930"}],"version-history":[{"count":7,"href":"https:\/\/idsplus.sk\/en\/wp-json\/wp\/v2\/pages\/5930\/revisions"}],"predecessor-version":[{"id":6430,"href":"https:\/\/idsplus.sk\/en\/wp-json\/wp\/v2\/pages\/5930\/revisions\/6430"}],"up":[{"embeddable":true,"href":"https:\/\/idsplus.sk\/en\/wp-json\/wp\/v2\/pages\/5723"}],"wp:featuredmedia":[{"embeddable":true,"href":"https:\/\/idsplus.sk\/en\/wp-json\/wp\/v2\/media\/5927"}],"wp:attachment":[{"href":"https:\/\/idsplus.sk\/en\/wp-json\/wp\/v2\/media?parent=5930"}],"curies":[{"name":"wp","href":"https:\/\/api.w.org\/{rel}","templated":true}]}}